{"id":1972,"date":"2015-12-28T11:48:51","date_gmt":"2015-12-28T11:48:51","guid":{"rendered":"http:\/\/gonsanglass.com\/?page_id=1972"},"modified":"2015-12-29T17:54:25","modified_gmt":"2015-12-29T17:54:25","slug":"contacto","status":"publish","type":"page","link":"https:\/\/gonsanglass.com\/index.php\/contacto\/","title":{"rendered":"Contacto"},"content":{"rendered":"<section id=\"2587\" class=\"container-fluid vntd-section-white section-default-width\"><div class=\"vc_row wpb_row vc_row-fluid vc_custom_1451411108644 pattern-black soft-black-bg\"><div class=\"inner\"><div class=\"wpb_column vc_column_container vc_col-sm-12\"><div class=\"wpb_wrapper\"><div class=\"vc_row wpb_row vc_inner vc_row-fluid\"><div class=\"wpb_column vc_column_container vc_col-sm-6\"><div class=\"wpb_wrapper\">    \n\t<div class=\"address-soft t-center\">\n\t\n\t\t\t\t<a href=\"tel:937506968\" class=\"phone-button round white\">\n\t\t\t<i class=\"fa fa-phone\"><\/i>\n\t\t<\/a>\n\t\t\n\t\t<h1 class=\"phone-text font-primary white\">\n\t\t\t937506968\t\t<\/h1>\n\n\t\t<!-- Address -->\n\t\t<h2 class=\"phone-text font-primary uppercase\">\n\t\t\tCARRER DE LA VOLTA DELS GARROFERS, 77 08348 CABRILS\t\t<\/h2>\n\n\t\t<!-- E-Mail -->\n\t\t<a href=\"mailto:gonsanglass@gonsanglass.com\" class=\"mail-text uppercase font-primary\">\n\t\t\tgonsanglass@gonsanglass.com\t\t<\/a>\n\t\t\n\t\t<a href=\"https:\/\/plus.google.com\/100362114867341520382\/about\" target=\"_blank\" class=\"social round dark-bg googleplus\"><i class=\"fa fa-googleplus\"><\/i><\/a>\n\t<\/div>\n\t\n\t<\/div><\/div><div class=\"wpb_column vc_column_container vc_col-sm-6\"><div class=\"wpb_wrapper\">\n\t<div class=\"wpb_raw_code wpb_content_element wpb_raw_html\">\n\t\t<div class=\"wpb_wrapper\">\n\t\t\t<iframe src=\"https:\/\/www.google.com\/maps\/embed?pb=!1m18!1m12!1m3!1d2987.499871075398!2d2.3842641154297533!3d41.51511167925269!2m3!1f0!2f0!3f0!3m2!1i1024!2i768!4f13.1!3m3!1m2!1s0x12a4b418cb0a82eb%3A0x885a3fe20790dd0d!2sGonsanglass%2Cs.l.!5e0!3m2!1ses!2ses!4v1447600891715\" width=\"600\" height=\"467\" frameborder=\"0\" style=\"border:0\" allowfullscreen><\/iframe>\n\t\t<\/div>\n\t<\/div>\n<\/div><\/div><\/div><div class=\"vntd-special-heading\"style=\"margin-bottom:px;\"><h1 class=\"header  animated\" data-animation=\"fadeIn\" data-animation-delay=\"100\">Contacto<\/h1><div class=\"header-strips-one  animated\" data-animation=\"fadeIn\" data-animation-delay=\"100\"><\/div><h2 class=\"description normal  animated\" data-animation=\"fadeIn\" data-animation-delay=\"100\">Si tiene alg\u00fan tipo de cuesti\u00f3n, no dude en ponerse en contacto con nosotros.<\/h2><\/div><div class=\"contact font-primary\"><div role=\"form\" class=\"wpcf7\" id=\"wpcf7-f7-o1\" lang=\"es-ES\" dir=\"ltr\">\n<div class=\"screen-reader-response\" role=\"alert\" aria-live=\"polite\"><\/div>\n<form action=\"\/index.php\/wp-json\/wp\/v2\/pages\/1972#wpcf7-f7-o1\" method=\"post\" class=\"wpcf7-form init\" novalidate=\"novalidate\">\n<div style=\"display: none;\">\n<input type=\"hidden\" name=\"_wpcf7\" value=\"7\" \/>\n<input type=\"hidden\" name=\"_wpcf7_version\" value=\"5.2.2\" \/>\n<input type=\"hidden\" name=\"_wpcf7_locale\" value=\"es_ES\" \/>\n<input type=\"hidden\" name=\"_wpcf7_unit_tag\" value=\"wpcf7-f7-o1\" \/>\n<input type=\"hidden\" name=\"_wpcf7_container_post\" value=\"0\" \/>\n<input type=\"hidden\" name=\"_wpcf7_posted_data_hash\" value=\"\" \/>\n<input type=\"hidden\" name=\"_wpcf7_recaptcha_response\" value=\"\" \/>\n<\/div>\n<p>Nombre (requerido)<br \/>\n    <span class=\"wpcf7-form-control-wrap your-name\"><input type=\"text\" name=\"your-name\" value=\"\" size=\"40\" class=\"wpcf7-form-control wpcf7-text wpcf7-validates-as-required\" aria-required=\"true\" aria-invalid=\"false\" \/><\/span> <\/p>\n<p>Correo electr\u00f3nico (requerido)<br \/>\n    <span class=\"wpcf7-form-control-wrap your-email\"><input type=\"email\" name=\"your-email\" value=\"\" size=\"40\" class=\"wpcf7-form-control wpcf7-text wpcf7-email wpcf7-validates-as-required wpcf7-validates-as-email\" aria-required=\"true\" aria-invalid=\"false\" \/><\/span> <\/p>\n<p>Asunto<br \/>\n    <span class=\"wpcf7-form-control-wrap your-subject\"><input type=\"text\" name=\"your-subject\" value=\"\" size=\"40\" class=\"wpcf7-form-control wpcf7-text\" aria-invalid=\"false\" \/><\/span> <\/p>\n<p>Mensaje<br \/>\n    <span class=\"wpcf7-form-control-wrap your-message\"><textarea name=\"your-message\" cols=\"40\" rows=\"10\" class=\"wpcf7-form-control wpcf7-textarea\" aria-invalid=\"false\"><\/textarea><\/span> <\/p>\n<p><input type=\"submit\" value=\"Enviar\" class=\"wpcf7-form-control wpcf7-submit\" \/><\/p>\n<div class=\"wpcf7-response-output\" role=\"alert\" aria-hidden=\"true\"><\/div><\/form><\/div><\/div><\/div><\/div><\/div><\/div><\/section>\n","protected":false},"excerpt":{"rendered":"937506968 CARRER DE LA VOLTA DELS GARROFERS, 77 08348 CABRILS gonsanglass@gonsanglass.com ContactoSi tiene alg\u00fan tipo de cuesti\u00f3n, no dude en ponerse en contacto con nosotros. Nombre (requerido) Correo electr\u00f3nico (requerido) Asunto Mensaje","protected":false},"author":3,"featured_media":0,"parent":0,"menu_order":0,"comment_status":"closed","ping_status":"closed","template":"","meta":[],"_links":{"self":[{"href":"https:\/\/gonsanglass.com\/index.php\/wp-json\/wp\/v2\/pages\/1972"}],"collection":[{"href":"https:\/\/gonsanglass.com\/index.php\/wp-json\/wp\/v2\/pages"}],"about":[{"href":"https:\/\/gonsanglass.com\/index.php\/wp-json\/wp\/v2\/types\/page"}],"author":[{"embeddable":true,"href":"https:\/\/gonsanglass.com\/index.php\/wp-json\/wp\/v2\/users\/3"}],"replies":[{"embeddable":true,"href":"https:\/\/gonsanglass.com\/index.php\/wp-json\/wp\/v2\/comments?post=1972"}],"version-history":[{"count":7,"href":"https:\/\/gonsanglass.com\/index.php\/wp-json\/wp\/v2\/pages\/1972\/revisions"}],"predecessor-version":[{"id":1974,"href":"https:\/\/gonsanglass.com\/index.php\/wp-json\/wp\/v2\/pages\/1972\/revisions\/1974"}],"wp:attachment":[{"href":"https:\/\/gonsanglass.com\/index.php\/wp-json\/wp\/v2\/media?parent=1972"}],"curies":[{"name":"wp","href":"https:\/\/api.w.org\/{rel}","templated":true}]}}