{"id":1916,"date":"2014-09-15T03:14:21","date_gmt":"2014-09-15T03:14:21","guid":{"rendered":"http:\/\/veented.com\/workshops\/north\/north2\/?page_id=1916"},"modified":"2016-01-10T11:59:45","modified_gmt":"2016-01-10T11:59:45","slug":"home","status":"publish","type":"page","link":"https:\/\/gonsanglass.com\/","title":{"rendered":"Empresa"},"content":{"rendered":"<section id=\"9253\" class=\"container vntd-section-white section-default-width\"><img class=\"rainy-background\"  alt=\"background\" src=\"\" \/><div class=\"vc_row wpb_row vc_row-fluid vc_custom_1452426977025 pattern-black soft-black-bg\"><div class=\"wpb_column vc_column_container vc_col-sm-12 vc_custom_1452427152695\"><div class=\"wpb_wrapper\"><div class=\"vc_row wpb_row vc_inner vc_row-fluid\"><div class=\"wpb_column vc_column_container vc_col-sm-2\"><div class=\"wpb_wrapper\"><\/div><\/div><div class=\"wpb_column vc_column_container vc_col-sm-8\"><div class=\"wpb_wrapper\">\n\t<div class=\"wpb_single_image wpb_content_element vc_align_center  vc_custom_1452165882231\">\n\t\t<div class=\"wpb_wrapper\">\n\t\t\t\n\t\t\t<div class=\"vc_single_image-wrapper   vc_box_border_grey\"><img width=\"1024\" height=\"534\" src=\"https:\/\/gonsanglass.com\/wp-content\/uploads\/portada-1024x534.jpg\" class=\"vc_single_image-img attachment-large\" alt=\"\" loading=\"lazy\" srcset=\"https:\/\/gonsanglass.com\/wp-content\/uploads\/portada-1024x534.jpg 1024w, https:\/\/gonsanglass.com\/wp-content\/uploads\/portada-300x157.jpg 300w, https:\/\/gonsanglass.com\/wp-content\/uploads\/portada-768x401.jpg 768w, https:\/\/gonsanglass.com\/wp-content\/uploads\/portada-880x459.jpg 880w, https:\/\/gonsanglass.com\/wp-content\/uploads\/portada-450x235.jpg 450w, https:\/\/gonsanglass.com\/wp-content\/uploads\/portada.jpg 1573w\" sizes=\"(max-width: 1024px) 100vw, 1024px\" \/><\/div>\n\t\t<\/div>\n\t<\/div>\n<div class=\"vc_empty_space\"  style=\"height: 20px\" ><span\n\t\tclass=\"vc_empty_space_inner\"><\/span><\/div>\n<\/div><\/div><div class=\"wpb_column vc_column_container vc_col-sm-2\"><div class=\"wpb_wrapper\"><\/div><\/div><\/div><div class=\"vntd-special-heading\"style=\"margin-bottom:px;\"><h1 class=\"header  animated\" data-animation=\"fadeIn\" data-animation-delay=\"100\">GONSANGLASS, S.L<\/h1><div class=\"header-strips-one  animated\" data-animation=\"fadeIn\" data-animation-delay=\"100\"><\/div><h2 class=\"description normal  animated\" data-animation=\"fadeIn\" data-animation-delay=\"100\">Gonsanglass, S.l es una Empresa familiar con 20 a\u00f1os de experiencia en el sector de la manipulaci\u00f3n de vidrio y espejo plano, se crea inicialmente para dar servicio al ramo de la enmarcaci\u00f3n especializ\u00e1ndonos en este sector. Con el paso del tiempo y atendiendo las diferentes necesidades de nuestros clientes, nos hemos ido abriendo paso en otros sectores dando servicio a instalaciones hoteleras y de restauraci\u00f3n, galer\u00edas comerciales, instalaciones deportivas, fabricantes de mobiliario, decoradores e interioristas \u2026 Atendemos y asesoramos cualquier necesidad que nos proponga nuestro cliente, ajust\u00e1ndonos a sus necesidades, proporcionando transporte e instalaci\u00f3n especializada de todos nuestros productos.<\/h2><\/div><\/div><\/div><\/div><\/section>\n","protected":false},"excerpt":{"rendered":"GONSANGLASS, S.LGonsanglass, S.l es una Empresa familiar con 20 a\u00f1os de experiencia en el sector de la manipulaci\u00f3n de vidrio y espejo plano, se crea inicialmente para dar servicio al ramo de la enmarcaci\u00f3n especializ\u00e1ndonos en este sector. Con el paso del tiempo y atendiendo las diferentes necesidades de nuestros clientes, nos hemos ido abriendo paso en otros sectores dando servicio a instalaciones hoteleras y de restauraci\u00f3n, galer\u00edas comerciales, instalaciones [...]","protected":false},"author":3,"featured_media":0,"parent":0,"menu_order":0,"comment_status":"open","ping_status":"open","template":"template-onepager.php","meta":[],"_links":{"self":[{"href":"https:\/\/gonsanglass.com\/index.php\/wp-json\/wp\/v2\/pages\/1916"}],"collection":[{"href":"https:\/\/gonsanglass.com\/index.php\/wp-json\/wp\/v2\/pages"}],"about":[{"href":"https:\/\/gonsanglass.com\/index.php\/wp-json\/wp\/v2\/types\/page"}],"author":[{"embeddable":true,"href":"https:\/\/gonsanglass.com\/index.php\/wp-json\/wp\/v2\/users\/3"}],"replies":[{"embeddable":true,"href":"https:\/\/gonsanglass.com\/index.php\/wp-json\/wp\/v2\/comments?post=1916"}],"version-history":[{"count":8,"href":"https:\/\/gonsanglass.com\/index.php\/wp-json\/wp\/v2\/pages\/1916\/revisions"}],"predecessor-version":[{"id":2077,"href":"https:\/\/gonsanglass.com\/index.php\/wp-json\/wp\/v2\/pages\/1916\/revisions\/2077"}],"wp:attachment":[{"href":"https:\/\/gonsanglass.com\/index.php\/wp-json\/wp\/v2\/media?parent=1916"}],"curies":[{"name":"wp","href":"https:\/\/api.w.org\/{rel}","templated":true}]}}